{"id":99,"date":"2018-04-17T17:38:47","date_gmt":"2018-04-17T15:38:47","guid":{"rendered":"http:\/\/htk-handel.de\/?page_id=99"},"modified":"2018-04-17T18:03:12","modified_gmt":"2018-04-17T16:03:12","slug":"startseite-2","status":"publish","type":"page","link":"https:\/\/htk-handel.de\/","title":{"rendered":"Startseite"},"content":{"rendered":"<h2><strong>Herzlich Willkommen bei der G\u00fclle B\u00f6rse HTK &#8211; Handel.<\/strong><\/h2>\n<p>Auf den folgenden Seiten erfahren Sie einiges \u00fcber unsere Arbeit und unsere M\u00f6glichkeiten.<\/p>\n<p>Wir haben diese Seite neu gestaltet um auch aktuelle Informationen zeitnah kommunizieren zu k\u00f6nnen und um Sie auf dem Laufenden zu halten.<\/p>\n<p>In der Men\u00fcleiste finden Sie die entsprechenden Punkte und in den Unterpunkten die ausf\u00fchrlichen Informationen zu den verschiedenen Produkten.<\/p>\n<p>Bei Fragen steht Ihnen Thorsten Remmert gern Rede und Antwort.<\/p>\n<p>&nbsp;<\/p>\n","protected":false},"excerpt":{"rendered":"<p>Herzlich Willkommen bei der G\u00fclle B\u00f6rse HTK &#8211; Handel. Auf den folgenden Seiten erfahren Sie einiges \u00fcber unsere Arbeit und unsere M\u00f6glichkeiten. Wir haben diese Seite neu gestaltet um auch aktuelle Informationen zeitnah kommunizieren zu k\u00f6nnen und um Sie auf dem Laufenden zu halten. In der Men\u00fcleiste finden Sie die entsprechenden Punkte und in den &hellip; <\/p>\n<p class=\"link-more\"><a href=\"https:\/\/htk-handel.de\/\" class=\"more-link\"><span class=\"screen-reader-text\">\u201eStartseite\u201c<\/span> weiterlesen<\/a><\/p>\n","protected":false},"author":1,"featured_media":0,"parent":90,"menu_order":0,"comment_status":"closed","ping_status":"closed","template":"","meta":{"footnotes":""},"_links":{"self":[{"href":"https:\/\/htk-handel.de\/index.php\/wp-json\/wp\/v2\/pages\/99"}],"collection":[{"href":"https:\/\/htk-handel.de\/index.php\/wp-json\/wp\/v2\/pages"}],"about":[{"href":"https:\/\/htk-handel.de\/index.php\/wp-json\/wp\/v2\/types\/page"}],"author":[{"embeddable":true,"href":"https:\/\/htk-handel.de\/index.php\/wp-json\/wp\/v2\/users\/1"}],"replies":[{"embeddable":true,"href":"https:\/\/htk-handel.de\/index.php\/wp-json\/wp\/v2\/comments?post=99"}],"version-history":[{"count":3,"href":"https:\/\/htk-handel.de\/index.php\/wp-json\/wp\/v2\/pages\/99\/revisions"}],"predecessor-version":[{"id":108,"href":"https:\/\/htk-handel.de\/index.php\/wp-json\/wp\/v2\/pages\/99\/revisions\/108"}],"up":[{"embeddable":true,"href":"https:\/\/htk-handel.de\/index.php\/wp-json\/wp\/v2\/pages\/90"}],"wp:attachment":[{"href":"https:\/\/htk-handel.de\/index.php\/wp-json\/wp\/v2\/media?parent=99"}],"curies":[{"name":"wp","href":"https:\/\/api.w.org\/{rel}","templated":true}]}}