{"id":90,"date":"2018-04-17T17:00:22","date_gmt":"2018-04-17T15:00:22","guid":{"rendered":"http:\/\/htk-handel.de\/?page_id=90"},"modified":"2026-01-14T13:57:44","modified_gmt":"2026-01-14T12:57:44","slug":"startseite","status":"publish","type":"page","link":"https:\/\/htk-handel.de\/index.php\/startseite\/","title":{"rendered":"Willkommen"},"content":{"rendered":"<h1><strong>Willkommen bei HTK-Handel<\/strong><\/h1>\n<h6>Ansprechpartner:<\/h6>\n<h6>Thorsten Remmert 0177-215 72 77 oder (0 51 83) 95 73 60 Fax: (0 51 83)23 49<\/h6>\n<h6>Wir handeln:<\/h6>\n<h5>organischen D\u00fcnger (auch Bio) zwischen abgebenden und aufnehmenden Betrieben.<br \/>\nSubstrate f\u00fcr Biogasanlagen, sowohl NAWARO als auch Abfallanlagen<\/h5>\n<h5>D\u00fcnge- und Hygienekalke.<\/h5>\n<h5>Urgesteinsmehl und Naturgipse mit FIBL<\/h5>\n<h5>Zeolith<\/h5>\n<h5>Nebenprodukte der Lebensmittelherstellung<\/h5>\n<h5>Einstreumaterialien<\/h5>\n<p>&nbsp;<\/p>\n<p><em><strong>F\u00fcr Informationen dazu bitte Mail an:\u00a0 thorsten.remmert@t-online.de<\/strong><\/em><\/p>\n<p>Seit 2010 handelt H &amp; W Remmert mit diversen Wirtschaftsd\u00fcngern und beliefert Landwirte und Biogasanlagen.<br \/>\nMit der Zeit hat sich das Portfolio um verschiedene Kalke und Gesteinsmehle, auch mit FIBL \u2013 Zertifikat, erweitert und wir sind dadurch auch Biolandwirten ein gern gesehener Partner. Infos unter <a href=\"http:\/\/www.naturduenger.bio\/\">www.naturduenger.bio<\/a><br \/>\nAufgrund der stetig wachsenden Anzahl an Kontakten und Zulieferern und durch Schulungen und Weiterbildungsma\u00dfnahmen k\u00f6nnen wir auch andere Themen bearbeiten, als da sind:<br \/>\n<strong>&#8211; Aufbereitung von Wirtschaftsd\u00fcngern<\/strong><br \/>\n<strong> &#8211; Belieferung von Abfallbiogasanlagen mit Nebenprodukten aus der Lebensmittel- und Biodieselherstellung.<\/strong><br \/>\n<strong> &#8211; Einstreu- und Brennstoffpellets aus z.B. Sonnenblumenkernschalen<\/strong><br \/>\n<strong>&#8211; Tr\u00e4nke- und Brauchwasserbehandlung<\/strong><\/p>\n<h6>Ein weiteres Projekt ist die D\u00e4mmung mit Mineralschaumplatten.<br \/>\nEinzelheiten zu der \u00f6kologischen D\u00e4mmung und den Vorteilen wie:<br \/>\n&#8211; Brandschutz<br \/>\n&#8211; Schimmelresistenz<br \/>\n&#8211; Alterungsbest\u00e4ndigkeit<br \/>\n&#8211; Diffusionsoffenheit, d.h. atmungsaktiv<br \/>\n&#8211; Gesundheitsf\u00f6rdernde Eigenschaften<br \/>\n&#8211; Verwendung Innen und Au\u00dfen<br \/>\n&#8211; Lehmputz<br \/>\nfinden Sie unter <a href=\"http:\/\/www.mineralschaumplatte.de\/\">www.mineralschaumplatte.de<\/a><\/h6>\n","protected":false},"excerpt":{"rendered":"<p>Willkommen bei HTK-Handel Ansprechpartner: Thorsten Remmert 0177-215 72 77 oder (0 51 83) 95 73 60 Fax: (0 51 83)23 49 Wir handeln: organischen D\u00fcnger (auch Bio) zwischen abgebenden und aufnehmenden Betrieben. Substrate f\u00fcr Biogasanlagen, sowohl NAWARO als auch Abfallanlagen D\u00fcnge- und Hygienekalke. Urgesteinsmehl und Naturgipse mit FIBL Zeolith Nebenprodukte der Lebensmittelherstellung Einstreumaterialien &nbsp; F\u00fcr &hellip; <\/p>\n<p class=\"link-more\"><a href=\"https:\/\/htk-handel.de\/index.php\/startseite\/\" class=\"more-link\"><span class=\"screen-reader-text\">\u201eWillkommen\u201c<\/span> weiterlesen<\/a><\/p>\n","protected":false},"author":1,"featured_media":0,"parent":0,"menu_order":0,"comment_status":"closed","ping_status":"closed","template":"","meta":{"footnotes":""},"_links":{"self":[{"href":"https:\/\/htk-handel.de\/index.php\/wp-json\/wp\/v2\/pages\/90"}],"collection":[{"href":"https:\/\/htk-handel.de\/index.php\/wp-json\/wp\/v2\/pages"}],"about":[{"href":"https:\/\/htk-handel.de\/index.php\/wp-json\/wp\/v2\/types\/page"}],"author":[{"embeddable":true,"href":"https:\/\/htk-handel.de\/index.php\/wp-json\/wp\/v2\/users\/1"}],"replies":[{"embeddable":true,"href":"https:\/\/htk-handel.de\/index.php\/wp-json\/wp\/v2\/comments?post=90"}],"version-history":[{"count":6,"href":"https:\/\/htk-handel.de\/index.php\/wp-json\/wp\/v2\/pages\/90\/revisions"}],"predecessor-version":[{"id":142,"href":"https:\/\/htk-handel.de\/index.php\/wp-json\/wp\/v2\/pages\/90\/revisions\/142"}],"wp:attachment":[{"href":"https:\/\/htk-handel.de\/index.php\/wp-json\/wp\/v2\/media?parent=90"}],"curies":[{"name":"wp","href":"https:\/\/api.w.org\/{rel}","templated":true}]}}