{"id":79,"date":"2018-04-17T16:03:37","date_gmt":"2018-04-17T14:03:37","guid":{"rendered":"http:\/\/htk-handel.de\/?page_id=79"},"modified":"2018-04-17T16:03:37","modified_gmt":"2018-04-17T14:03:37","slug":"tiergesundheit","status":"publish","type":"page","link":"https:\/\/htk-handel.de\/index.php\/tiergesundheit\/","title":{"rendered":"Tiergesundheit"},"content":{"rendered":"<p>Auf dieser Seite listen wir die verschiedenen M\u00f6glichkeiten der Verwendung von Kalken und Gesteinsmehlen auf.<br \/>\nVon der Einstreu \u00fcber Futterkalke bis hin zu alternativen Produkten wie Dihydrat, Anhydrit und EMs.<br \/>\nTeilweise sind diese Produkte relativ neu auf dem Markt aber oft genug sind diese schon lange bekannt und tauchen langsam wieder aus der Vergessenheit auf.<br \/>\nJe nach \u00dcberzeugung und Anwendungsm\u00f6glichkeiten k\u00f6nnen diese Produkte durchaus chemikalische Produkte ersetzen oder zumindest den Erfolg unterst\u00fctzen und die Aufwandmengen reduzieren.<\/p>\n","protected":false},"excerpt":{"rendered":"<p>Auf dieser Seite listen wir die verschiedenen M\u00f6glichkeiten der Verwendung von Kalken und Gesteinsmehlen auf. Von der Einstreu \u00fcber Futterkalke bis hin zu alternativen Produkten wie Dihydrat, Anhydrit und EMs. Teilweise sind diese Produkte relativ neu auf dem Markt aber oft genug sind diese schon lange bekannt und tauchen langsam wieder aus der Vergessenheit auf. &hellip; <\/p>\n<p class=\"link-more\"><a href=\"https:\/\/htk-handel.de\/index.php\/tiergesundheit\/\" class=\"more-link\"><span class=\"screen-reader-text\">\u201eTiergesundheit\u201c<\/span> weiterlesen<\/a><\/p>\n","protected":false},"author":1,"featured_media":0,"parent":0,"menu_order":0,"comment_status":"closed","ping_status":"closed","template":"","meta":{"footnotes":""},"_links":{"self":[{"href":"https:\/\/htk-handel.de\/index.php\/wp-json\/wp\/v2\/pages\/79"}],"collection":[{"href":"https:\/\/htk-handel.de\/index.php\/wp-json\/wp\/v2\/pages"}],"about":[{"href":"https:\/\/htk-handel.de\/index.php\/wp-json\/wp\/v2\/types\/page"}],"author":[{"embeddable":true,"href":"https:\/\/htk-handel.de\/index.php\/wp-json\/wp\/v2\/users\/1"}],"replies":[{"embeddable":true,"href":"https:\/\/htk-handel.de\/index.php\/wp-json\/wp\/v2\/comments?post=79"}],"version-history":[{"count":1,"href":"https:\/\/htk-handel.de\/index.php\/wp-json\/wp\/v2\/pages\/79\/revisions"}],"predecessor-version":[{"id":80,"href":"https:\/\/htk-handel.de\/index.php\/wp-json\/wp\/v2\/pages\/79\/revisions\/80"}],"wp:attachment":[{"href":"https:\/\/htk-handel.de\/index.php\/wp-json\/wp\/v2\/media?parent=79"}],"curies":[{"name":"wp","href":"https:\/\/api.w.org\/{rel}","templated":true}]}}