{"id":68,"date":"2018-04-17T15:37:42","date_gmt":"2018-04-17T13:37:42","guid":{"rendered":"http:\/\/htk-handel.de\/?page_id=68"},"modified":"2018-04-17T15:37:42","modified_gmt":"2018-04-17T13:37:42","slug":"weisskalk","status":"publish","type":"page","link":"https:\/\/htk-handel.de\/index.php\/weisskalk\/","title":{"rendered":"Wei\u00dfkalk"},"content":{"rendered":"<h6>Einsatzm\u00f6glichkeiten von Wei\u00dfkalk<\/h6>\n<p>Fels Kalkmilch ist eine alkalische Suspension aus Calciumdihydroxid in Wasser zur wirksamen und nachhaltigen Hygienisierung von Stallungen sowie zum Wei\u00dfen von Tierst\u00e4llen aber auch von Obstb\u00e4umen. Die Herstellung ist denkbar einfach: 3 Teile Wei\u00dfkalk und 7 Teile Wasser. Aufgrund seiner nat\u00fcrlichen Zusammensetzung ist FELS Kalkmilch besonders f\u00fcr Bio-Betriebe geeignet.<\/p>\n<h6>Anwendungsbereich Tierhaltung<\/h6>\n<p>Zum Wei\u00dfen von Tierst\u00e4llen durch pneumatisches Verspr\u00fchen oder Streichen bei Gefl\u00fcgel, Milchvieh, Rind, Schwein, Schaf und Ziegen sowie Kleintierhaltungen wie Kaninchen, Tauben und Zierv\u00f6geln. Zur Hygienisierung und bioziden Anwendung.<br \/>\n.<\/p>\n<h6>Wirkungsprinzip<\/h6>\n<p>&#8211; langanhaltende Hygiene auf nat\u00fcrliche Weise<br \/>\n\u2022 Alkalisch biozide Wirkung (pH &gt; 12)<br \/>\n\u2022 Durch fl\u00e4chendeckende Anwendung \u00fcber Wochen anhaltende Keimreduzierung und Milbenbelastung (bis Faktor 10-6) im gesamten Stall<br \/>\n\u2022 Steigerung des Wohlbefindens durch den Aufhellungseffekt<br \/>\n\u2022 Luftreinigungseffekt beim Verspr\u00fchen der Kalkmilch \/ Verbesserung des Raumklimas.<br \/>\nPraxistests haben gezeigt, dass mit Kalkmilch l\u00e4nger anhaltende hygienische Verh\u00e4ltnisse vorherrschen als bei Anwendung anderer Desinfektionsmethoden.<\/p>\n<h6>Weitere Vorteile<\/h6>\n<p>\u2022 Keimreduzierung, Aufhellung, Wohlbefinden, pH-Anhebung<br \/>\n\u2022 Hygienewirkung gegen\u00fcber Bakterien: Staphylococcus, Enterococcus, Pseudomonas, Proteus<br \/>\n\u2022 Gebrauchsfertig lieferbar<br \/>\n\u2022 Hohe chemische Reinheit (Ca(OH)2 &gt; 90 %)<br \/>\n\u2022 Leichte Handhabung<br \/>\n\u2022 Einsparung vielfacher Desinfektionsma\u00dfnahmen und Medikamenten<\/p>\n<h6>Anwendungsbereich Obstanbau<\/h6>\n<p>Der Anstrich besteht, genau wie bei den Stallungen, aus einer 30% Mischung (3Teile Wei\u00dfkalk und 7 Teile Wasser) und wird mittels Pinsel oder Quast dick auf die Rinde des Stammes aufgetragen. Lose Anhaftungen sollten vorher entfernt werden.<\/p>\n<p>Der Anstrich hat mehrere Vorteile:<\/p>\n<p>\u2022 Risse in der Rinde werden geschlossen<br \/>\n\u2022 Sch\u00e4dlinge k\u00f6nnen sich nicht mehr in den Rissen einnisten<br \/>\n\u2022 Frostsch\u00e4den werden gemindert<br \/>\n\u2022 Der hohe pH \u2013 Wert verhindert auch eine Einwanderung von boden\u00fcberlebenden Sch\u00e4dlingen \u00fcber den Stamm. Daf\u00fcr mu\u00df der Anstrich nat\u00fcrlich noch vorhanden sein oder erneuert werden.<br \/>\n\u2022 Elastische gesunde Rinde ist widerstandsf\u00e4hig gegen Pilze.<br \/>\n\u2022 Der abgewaschene Kalk reguliert den pH \u2013 Wert des Bodens.<\/p>\n<p>Dies ist eine altbekannte und vollkommen biologische Schutzma\u00dfnahme und f\u00f6rdert den Gesundheitsstatus des Baumes.<\/p>\n<h6>Anwendungsbereich Haus<\/h6>\n<p>Die bereits beschriebene Mischung ist auch eine hervorragende atmungsaktive Farbe f\u00fcr alle Arten von Mauerwerk und haftet auch auf Holz. Schon vor hunderten von Jahren wurde Kalkmilch zum Streichen der W\u00e4nde benutzt. Damals wurde teilweise Molke mit beigemischt um einen witterungsbest\u00e4ndigen Anstrich zu erreichen. Heute verwendet man auch unbehandeltes Kochsalz (ca.1%) oder reines Lein\u00f6l (2 \u2013 3%) oder auch weiterhin Molke oder Quark. Wichtig ist, da\u00df der Kalkanstrich so langsam wie m\u00f6glich (mindestens 16 Std. besser 24 Std.) trocknet, da sich w\u00e4hrend der Trocknungsphase die Kalziumkristalle, durch Reaktion mit der Luft, bilden. Je l\u00e4nger der Trocknungsprozess desto h\u00e4rter die Farbe.<\/p>\n<p>Weitere Vorteile:<\/p>\n<p>\u2022 Hoher pH-Wert bek\u00e4mpft Schimmelbildung<br \/>\n\u2022 Diffusionsoffenheit l\u00e4\u00dft feuchte W\u00e4nde trocknen<br \/>\n\u2022 Gesundes Raumklima<br \/>\n\u2022 Keimreduzierung<br \/>\n\u2022 Sch\u00e4dlingsreduzierung<br \/>\n\u2022 Positive Reaktionen bei Asthmatikern<\/p>\n","protected":false},"excerpt":{"rendered":"<p>Einsatzm\u00f6glichkeiten von Wei\u00dfkalk Fels Kalkmilch ist eine alkalische Suspension aus Calciumdihydroxid in Wasser zur wirksamen und nachhaltigen Hygienisierung von Stallungen sowie zum Wei\u00dfen von Tierst\u00e4llen aber auch von Obstb\u00e4umen. Die Herstellung ist denkbar einfach: 3 Teile Wei\u00dfkalk und 7 Teile Wasser. Aufgrund seiner nat\u00fcrlichen Zusammensetzung ist FELS Kalkmilch besonders f\u00fcr Bio-Betriebe geeignet. Anwendungsbereich Tierhaltung Zum &hellip; <\/p>\n<p class=\"link-more\"><a href=\"https:\/\/htk-handel.de\/index.php\/weisskalk\/\" class=\"more-link\"><span class=\"screen-reader-text\">\u201eWei\u00dfkalk\u201c<\/span> weiterlesen<\/a><\/p>\n","protected":false},"author":1,"featured_media":0,"parent":0,"menu_order":0,"comment_status":"closed","ping_status":"closed","template":"","meta":{"footnotes":""},"_links":{"self":[{"href":"https:\/\/htk-handel.de\/index.php\/wp-json\/wp\/v2\/pages\/68"}],"collection":[{"href":"https:\/\/htk-handel.de\/index.php\/wp-json\/wp\/v2\/pages"}],"about":[{"href":"https:\/\/htk-handel.de\/index.php\/wp-json\/wp\/v2\/types\/page"}],"author":[{"embeddable":true,"href":"https:\/\/htk-handel.de\/index.php\/wp-json\/wp\/v2\/users\/1"}],"replies":[{"embeddable":true,"href":"https:\/\/htk-handel.de\/index.php\/wp-json\/wp\/v2\/comments?post=68"}],"version-history":[{"count":2,"href":"https:\/\/htk-handel.de\/index.php\/wp-json\/wp\/v2\/pages\/68\/revisions"}],"predecessor-version":[{"id":74,"href":"https:\/\/htk-handel.de\/index.php\/wp-json\/wp\/v2\/pages\/68\/revisions\/74"}],"wp:attachment":[{"href":"https:\/\/htk-handel.de\/index.php\/wp-json\/wp\/v2\/media?parent=68"}],"curies":[{"name":"wp","href":"https:\/\/api.w.org\/{rel}","templated":true}]}}