{"id":63,"date":"2018-04-17T15:30:10","date_gmt":"2018-04-17T13:30:10","guid":{"rendered":"http:\/\/htk-handel.de\/?page_id=63"},"modified":"2018-04-17T15:30:10","modified_gmt":"2018-04-17T13:30:10","slug":"calciflu","status":"publish","type":"page","link":"https:\/\/htk-handel.de\/index.php\/calciflu\/","title":{"rendered":"CalciFlu"},"content":{"rendered":"<h6>Desinfektion mit Kalk durch CalciFlu<\/h6>\n<p>NEU! Jetzt auch mit FIBL-Eintragung f\u00fcr den BIO &#8211; Bereich <a href=\"http:\/\/htk-handel.de\/wp-content\/uploads\/2018\/04\/Konformitaetserklaerung-CalciFlu.pdf\">Konformitaetserklaerung CalciFlu<\/a><\/p>\n<p>Produkte auf Calciumoxid-Basis werden in der Landwirtschaft seit Jahrhunderten \u00f6kologisch sinnvoll zur Entseuchung bei der Stalldesinfektion eingesetzt. Ausdr\u00fccklich empfohlen werden alkalische Kalkprodukte f\u00fcr die Tierseuchen-Bek\u00e4mpfung vom Bundesministerium f\u00fcr Ern\u00e4hrung, Landwirtschaft und Verbraucherschutz sowie dem Bundesamt f\u00fcr Veterin\u00e4rwesen (CH).<br \/>\nMit CalciFlu ist es jetzt m\u00f6glich, diese nat\u00fcrliche Hygienisierungsmethode einfach und f\u00fcr jeden Anwendungsfall einzusetzen.<\/p>\n<h6>Anwendungsbereich:<\/h6>\n<p>CalciFlu ist ein Naturprodukt zur Inaktivierung von Viren, Bakterien und Parasiten sowie zur Bek\u00e4mpfung von Seuchen. Zum Einsatz in der Tierwirtschaft f\u00fcr St\u00e4lle, Hoffl\u00e4chen und Wege.<\/p>\n<h6>Wirkungsprinzip:<\/h6>\n<p>CalciFlu ist doppelt wirksam!<br \/>\n1. Die starke Alkalit\u00e4t mit einem pH-Wert von 12,5 sorgt f\u00fcr ein breites mikrobiozides Wirkungsspektrum, z.B. gegen Salmonellen, Wurmeier, Enterokokken, Colibakterien und Viren \u2013 auch gegen H5N1 (Vogelgrippe).<br \/>\n2. In Verbindung mit Wasser reagiert CalciFlu mit Temperaturen von \u00fcber 70 \u00b0C und t\u00f6tet dadurch auch pH-resistente Parasiten und Viren sicher ab.<br \/>\nEinsatzm\u00f6glichkeiten von CalciFlu im Gefl\u00fcgelbereich<br \/>\nCalciFlu ist ein hochreaktiver Branntkalk zur Desinfektion von Fl\u00e4chen im Innen- und Au\u00dfenbereich. Es dient der Bek\u00e4mpfung von Seuchen, Viren, Bakterien und Parasiten. Nach dem misten und der Reinigung des Stalls einzusetzen oder um Lauffl\u00e4chen zu desinfizieren.<br \/>\nCalciFlu wird zur Profilaxe mit 500gr\/m\u00b2 und bei Befall mit 1000 bis 1500 gr. \/m\u00b2 ausgebracht. Durch eine vollst\u00e4ndige Befeuchtung reagiert CalciFlu und erhitzt sich innerhalb von Minuten auf \u00fcber 70 Grad Celsius. \u00dcbrig bleibt ein Wei\u00dfkalk mit einem pH \u2013 Wert von 12,5 der dauerhaft weiterwirkt und auch die rote Vogelmilbe bek\u00e4mpft. Es wirkt gegen Salmonellen, Wurmeier, Enterokokken, Colibakterien und auch Viren wie z.B. H5N1(Vogelgrippe).<br \/>\nCalciFlu l\u00e4\u00dft sich gro\u00dffl\u00e4chig auch mit dem Schleuderstreuer ausbringen.<br \/>\nIm Au\u00dfenbereich gelten je nach Bundesland andere Vorschriften, soda\u00df eine R\u00fccksprache mit den Kontrollstellen zu empfehlen ist.<br \/>\nAuf eine vollst\u00e4ndige Benetzung mit Wasser ist zu achten um eine sp\u00e4tere Aufnahme nicht reagierten Branntkalks durch das Tier zu verhindern.<\/p>\n<p><a href=\"http:\/\/htk-handel.de\/wp-content\/uploads\/2018\/04\/CalciFlu-Gefl\u00fcgel-mit-Bildern.pdf\">CalciFlu Gefl\u00fcgel mit Bildern<\/a><\/p>\n<p>Einsatzm\u00f6glichkeiten von CalciFlu im Rinder- und Schweinebereich<br \/>\nCalciFlu ist ein hochreaktiver Branntkalk zur Desinfektion von Fl\u00e4chen im Innen- und Au\u00dfenbereich. Es dient der Bek\u00e4mpfung von Seuchen, Viren, Bakterien und Parasiten. Nach dem misten und der Reinigung des Stalls einzusetzen oder um Lauffl\u00e4chen zu desinfizieren.<br \/>\nCalciFlu wird zur Profilaxe mit 500gr\/m\u00b2 und bei Befall mit 1000 bis 1500 gr. \/m\u00b2 ausgebracht. Durch eine vollst\u00e4ndige Befeuchtung reagiert CalciFlu und erhitzt sich innerhalb von Minuten auf \u00fcber 70 Grad Celsius. \u00dcbrig bleibt ein Wei\u00dfkalk mit einem pH \u2013 Wert von 12,5 der dauerhaft weiterwirkt. Es wirkt gegen Salmonellen, Wurmeier, Enterokokken, Colibakterien und auch Viren wie z.B. H5N1(Vogelgrippe) und senkt auch den Befall mit Mortellaro. Die K\u00e4lberboxen und der K\u00e4lberstall k\u00f6nnen ebenso damit hygienisiert. Das gleiche gilt f\u00fcr freilaufende Sauen und Schweine, wobei Saugferkel nicht unbedingt Kalk aufnehmen sollten, um das saure Milieu im Magen nicht zu gef\u00e4hrden.<br \/>\nIm Au\u00dfenbereich gelten je nach Bundesland andere Vorschriften, soda\u00df eine R\u00fccksprache mit den Kontrollstellen zu empfehlen ist.<br \/>\nAuf eine vollst\u00e4ndige Benetzung mit Wasser ist zu achten um eine sp\u00e4tere Aufnahme nicht reagierten Branntkalks durch das Tier zu verhindern.<br \/>\nCalciFlu l\u00e4\u00dft sich gro\u00dffl\u00e4chig auch mit dem Schleuderstreuer ausbringen.<\/p>\n","protected":false},"excerpt":{"rendered":"<p>Desinfektion mit Kalk durch CalciFlu NEU! Jetzt auch mit FIBL-Eintragung f\u00fcr den BIO &#8211; Bereich Konformitaetserklaerung CalciFlu Produkte auf Calciumoxid-Basis werden in der Landwirtschaft seit Jahrhunderten \u00f6kologisch sinnvoll zur Entseuchung bei der Stalldesinfektion eingesetzt. Ausdr\u00fccklich empfohlen werden alkalische Kalkprodukte f\u00fcr die Tierseuchen-Bek\u00e4mpfung vom Bundesministerium f\u00fcr Ern\u00e4hrung, Landwirtschaft und Verbraucherschutz sowie dem Bundesamt f\u00fcr Veterin\u00e4rwesen (CH). &hellip; <\/p>\n<p class=\"link-more\"><a href=\"https:\/\/htk-handel.de\/index.php\/calciflu\/\" class=\"more-link\"><span class=\"screen-reader-text\">\u201eCalciFlu\u201c<\/span> weiterlesen<\/a><\/p>\n","protected":false},"author":1,"featured_media":0,"parent":0,"menu_order":0,"comment_status":"closed","ping_status":"closed","template":"","meta":{"footnotes":""},"_links":{"self":[{"href":"https:\/\/htk-handel.de\/index.php\/wp-json\/wp\/v2\/pages\/63"}],"collection":[{"href":"https:\/\/htk-handel.de\/index.php\/wp-json\/wp\/v2\/pages"}],"about":[{"href":"https:\/\/htk-handel.de\/index.php\/wp-json\/wp\/v2\/types\/page"}],"author":[{"embeddable":true,"href":"https:\/\/htk-handel.de\/index.php\/wp-json\/wp\/v2\/users\/1"}],"replies":[{"embeddable":true,"href":"https:\/\/htk-handel.de\/index.php\/wp-json\/wp\/v2\/comments?post=63"}],"version-history":[{"count":1,"href":"https:\/\/htk-handel.de\/index.php\/wp-json\/wp\/v2\/pages\/63\/revisions"}],"predecessor-version":[{"id":66,"href":"https:\/\/htk-handel.de\/index.php\/wp-json\/wp\/v2\/pages\/63\/revisions\/66"}],"wp:attachment":[{"href":"https:\/\/htk-handel.de\/index.php\/wp-json\/wp\/v2\/media?parent=63"}],"curies":[{"name":"wp","href":"https:\/\/api.w.org\/{rel}","templated":true}]}}