{"id":46,"date":"2018-04-17T15:02:50","date_gmt":"2018-04-17T13:02:50","guid":{"rendered":"http:\/\/htk-handel.de\/?page_id=46"},"modified":"2018-04-17T15:02:50","modified_gmt":"2018-04-17T13:02:50","slug":"organischer-duenger","status":"publish","type":"page","link":"https:\/\/htk-handel.de\/index.php\/organischer-duenger\/","title":{"rendered":"Organischer D\u00fcnger"},"content":{"rendered":"<p>&nbsp;<\/p>\n<p><strong>Organischer D\u00fcnger<\/strong> stammt aus der Tierhaltung, Pflanzenproduktion oder von Biogasanlagen. Er enth\u00e4lt verschiedene Mengen an N\u00e4hrstoffen, organischem Material und Spurenelementen und ist ein wertvoller D\u00fcnger mit dem sich gro\u00dfe Mengen mineralischen D\u00fcngers einsparen lassen. Zus\u00e4tzlich f\u00f6rdert er die Humusbildung und das sogenannte Bodenleben.<\/p>\n<h6>H\u00fchnertrockenkot (HTK)<\/h6>\n<p>stammt aus der Legehennenhaltung und f\u00e4llt kontinuierlich an.<br \/>\nEs ist ein organischer Wirtschaftsd\u00fcnger mit TS-Gehalten von ca. 50% (+\/- 5%)<br \/>\nDurch die hohen N-Werte eignet er sich hervorragend als Stickstoffd\u00fcnger aber durch den hohen Gasertrag auch als Biogassubstrat, wobei hier die Ammonium \u2013 N-Werte der begrenzende Faktor sind.<\/p>\n<h6>H\u00e4hnchenmist (HM)<\/h6>\n<p>Stammt aus der H\u00e4hnchenaufzucht und f\u00e4llt immer zu den Schlachtterminen an, da dann die St\u00e4lle entmistet und gereinigt werden.<br \/>\nHM ist ein organischer Wirtschaftsd\u00fcnger mit TS-Gehalten von ca. 50% (+\/- 5%)<br \/>\nVom Gasertrag ist HM dem HTK vergleichbar, durch die geringeren Ammonium \u2013 N-Werte jedoch besser vertr\u00e4glich f\u00fcr die Biogasanlage<br \/>\nDurch die hohen Phosphor- und Kalium- Werte k\u00f6nnen Pflanzen mit derartigem N\u00e4hrstoffbedarf hervorragend versorgt werden, wobei die zus\u00e4tzlichen mineralischen Stickstoffgaben bedarfsgerecht gesplittet werden k\u00f6nnen.<\/p>\n<h6>Putenmist (PM)<\/h6>\n<p>Stammt aus der Putenaufzucht und f\u00e4llt immer zu den Schlachtterminen an, da dann die St\u00e4lle entmistet und gereinigt werden.<br \/>\nPM ist ein organischer Wirtschaftsd\u00fcnger mit TS-Gehalten von ca. 50% (+\/- 5%) und enth\u00e4lt Anteile an geh\u00e4ckseltem Stroh, welches als Einstreu genutzt wird.<br \/>\nVom Gasertrag ist PM dem HTK vergleichbar (ca. minus 10%), durch die geringeren Ammonium \u2013 N-Werte jedoch besser vertr\u00e4glich f\u00fcr die Biogasanlage. Es ist aber auf den Strohanteil zu achten, da dieser aufgeschlossen werden sollte.<br \/>\nDurch die hohen Phosphor- und Kalium- Werte bei guten Stickstoffwerten k\u00f6nnen Pflanzen mit derartigem N\u00e4hrstoffbedarf hervorragend versorgt werden, wobei die zus\u00e4tzlichen mineralischen Stickstoffgaben bedarfsgerecht gesplittet werden k\u00f6nnen.<\/p>\n<h6>Separierter G\u00e4rrest, der ideale organische D\u00fcnger!<\/h6>\n<h6>Separierter G\u00e4rrest hat einen TS \u2013 Gehalt von ca. 25 % und ist stichfest und sehr gut streuf\u00e4hig. Er l\u00e4\u00dft sich mit Breitstreuwerk exakt ausbringen, ist geruchsarm, weshalb er auch in Ortsn\u00e4he ausgebracht werden kann ohne die Bev\u00f6lkerung zu bel\u00e4stigen. Die N\u00e4hrstoffgehalte liegen bei ca. 8 kg N, 6 kg P, 6 kg K und 3 kg M pro Tonne sowie ca. 215 kg organischem Material, also ideal um Struktur in schwere B\u00f6den oder Organik in leichte B\u00f6den zu bekommen.<\/h6>\n<p>Schweineg\u00fclle, Rinderg\u00fclle fl\u00fcssig und separiert.<\/p>\n<p>Diese organischen Wirtschaftsd\u00fcngerarten stehen sowohl in fl\u00fcssiger als auch separierter Form zur Verf\u00fcgung. Mit der richtigen Ausbringtechnik lassen sich die fl\u00fcssigen G\u00fcllen exakt ausbringen. Um N\u00e4hrstoffverluste zu vermeiden, sollte sofort nach der Ausbringung eine Einarbeitung erfolgen oder gleich mit Injektionstechnik gearbeitet werden. Auch im stehenden Bestand kann mit Schleppschl\u00e4uchen noch zu einem sp\u00e4teren Zeitpunkt eine D\u00fcngung erfolgen und so ein N\u00e4hrstoffdepot f\u00fcr die Gr\u00fcnbrache oder sogar Folgefrucht angelegt werden.<br \/>\nDie G\u00fcllen eignen sich auch als Substrat f\u00fcr Biogasanlagen und k\u00f6nnen sowohl fl\u00fcssig als auch fest (ca.25%TS) die Biologie positiv beeinflussen, den Gasertrag erh\u00f6hen, und andere Substrate ersetzen. Bei separiertem Material ist der Trockenfermentationsbonus durchaus zu erhalten.<br \/>\nDie N\u00e4hrstoffe verbleiben im G\u00e4rrest und sind somit eigentlich \u00fcber den Gasertrag der G\u00fcllen schon bezahlt.<\/p>\n<h6>Pilzkompost (PK)<\/h6>\n<p>Der PK oder auch Champost stammt aus der Speisepilzaufzucht, enth\u00e4lt geringere N\u00e4hrstoffmengen, ist aber ein hervorragender Bodenverbesserer und Humuslieferant.<\/p>\n<h6>Hinweis<\/h6>\n<p>Es ist darauf zu achten, dass Stickstoff, je nach Mineralisationsverm\u00f6gen des Bodens nur zu 50% bis 70% angerechnet werden kann.<br \/>\nZus\u00e4tzlich zu den Einsparungen gegen\u00fcber reiner Minerald\u00fcngergabe bekommt man, durch Einsatz organischer Wirtschaftsd\u00fcnger, Bodenverbesserer und Humusbildner mitgeliefert. Zahlreiche Versuche der Landwirtschaftskammern belegen diese positiven Eigenschaften.<\/p>\n","protected":false},"excerpt":{"rendered":"<p>&nbsp; Organischer D\u00fcnger stammt aus der Tierhaltung, Pflanzenproduktion oder von Biogasanlagen. Er enth\u00e4lt verschiedene Mengen an N\u00e4hrstoffen, organischem Material und Spurenelementen und ist ein wertvoller D\u00fcnger mit dem sich gro\u00dfe Mengen mineralischen D\u00fcngers einsparen lassen. Zus\u00e4tzlich f\u00f6rdert er die Humusbildung und das sogenannte Bodenleben. H\u00fchnertrockenkot (HTK) stammt aus der Legehennenhaltung und f\u00e4llt kontinuierlich an. Es &hellip; <\/p>\n<p class=\"link-more\"><a href=\"https:\/\/htk-handel.de\/index.php\/organischer-duenger\/\" class=\"more-link\"><span class=\"screen-reader-text\">\u201eOrganischer D\u00fcnger\u201c<\/span> weiterlesen<\/a><\/p>\n","protected":false},"author":1,"featured_media":0,"parent":0,"menu_order":0,"comment_status":"closed","ping_status":"closed","template":"","meta":{"footnotes":""},"_links":{"self":[{"href":"https:\/\/htk-handel.de\/index.php\/wp-json\/wp\/v2\/pages\/46"}],"collection":[{"href":"https:\/\/htk-handel.de\/index.php\/wp-json\/wp\/v2\/pages"}],"about":[{"href":"https:\/\/htk-handel.de\/index.php\/wp-json\/wp\/v2\/types\/page"}],"author":[{"embeddable":true,"href":"https:\/\/htk-handel.de\/index.php\/wp-json\/wp\/v2\/users\/1"}],"replies":[{"embeddable":true,"href":"https:\/\/htk-handel.de\/index.php\/wp-json\/wp\/v2\/comments?post=46"}],"version-history":[{"count":1,"href":"https:\/\/htk-handel.de\/index.php\/wp-json\/wp\/v2\/pages\/46\/revisions"}],"predecessor-version":[{"id":47,"href":"https:\/\/htk-handel.de\/index.php\/wp-json\/wp\/v2\/pages\/46\/revisions\/47"}],"wp:attachment":[{"href":"https:\/\/htk-handel.de\/index.php\/wp-json\/wp\/v2\/media?parent=46"}],"curies":[{"name":"wp","href":"https:\/\/api.w.org\/{rel}","templated":true}]}}