{"id":37,"date":"2018-04-17T14:48:54","date_gmt":"2018-04-17T12:48:54","guid":{"rendered":"http:\/\/htk-handel.de\/?page_id=37"},"modified":"2020-01-23T18:19:42","modified_gmt":"2020-01-23T17:19:42","slug":"impressum","status":"publish","type":"page","link":"https:\/\/htk-handel.de\/index.php\/impressum\/","title":{"rendered":"Impressum"},"content":{"rendered":"<h4>Impressum<\/h4>\n<p>Gerne kl\u00e4ren wir vorab Ihre Anliegen pers\u00f6nlich am Telefon, wir freuen uns auf das Gespr\u00e4ch mit Ihnen, Sie erreichen uns (gem\u00e4\u00df \u00a7 5 TMG):<\/p>\n<h6>Inhaber &amp; Ansprechpartner:<\/h6>\n<p>Thorsten Remmert<br \/>\nH &amp; W Remmert GmbH<br \/>\nAuf dem Anger 1<br \/>\n31195 Lamspringe OT Irmenseul<\/p>\n<p>Telefon : +49 5183 &#8211; 957360<br \/>\nMobil : +49 177 &#8211; 2157277<br \/>\nE-Mail : <a href=\"mailto:info@htk-handel.de\">info@htk-handel.de<\/a><\/p>\n<p>Umsatzsteuer-IDNr: DE 26 83 24 057<br \/>\nGerichtsstand ist Hildesheim<br \/>\nAmtsgericht Hildesheim HRB 201934<\/p>\n<p>Haftungshinweis\/ Haftungsausschlu\u00df:<br \/>\nTrotz sorgf\u00e4ltiger inhaltlicher Kontrolle \u00fcbernehmen wir keine Haftung f\u00fcr die Inhalte externer Links. F\u00fcr den Inhalt der verlinkten Seiten sind ausschlie\u00dflich deren Betreiber verantwortlich.<br \/>\nDer Autor \u00fcbernimmt keinerlei Gew\u00e4hr f\u00fcr die Aktualit\u00e4t, Korrektheit, Vollst\u00e4ndigkeit oder Qualit\u00e4t der bereitgestellten Informationen. Haftungsanspr\u00fcche gegen den Autor, welche sich auf Sch\u00e4den materieller oder ideeller Art beziehen, die durch die Nutzung oder Nichtnutzung der dargebotenen Informationen bzw. durch die Nutzung fehlerhafter und unvollst\u00e4ndiger Informationen verursacht wurden, sind grunds\u00e4tzlich ausgeschlossen, sofern seitens des Autors kein nachweislich vors\u00e4tzliches oder grob fahrl\u00e4ssiges Verschulden vorliegt. Alle Angebote sind freibleibend und unverbindlich. Der Autor beh\u00e4lt es sich ausdr\u00fccklich vor, Teile der Seiten oder das gesamte Angebot ohne gesonderte Ank\u00fcndigung zu ver\u00e4ndern, zu erg\u00e4nzen, zu l\u00f6schen oder die Ver\u00f6ffentlichung zeitweise oder endg\u00fcltig einzustellen<\/p>\n<p><em><strong>Infos zum Datenschutz<\/strong><\/em><\/p>\n<p>Sie haben sich an uns gewandt um Informationen zu erhalten oder eine Bestellung aufzugeben, und wir bedanken uns schon jetzt f\u00fcr das uns entgegengebrachte Vertrauen. Gleich zu Beginn m\u00f6chten wir Sie \u00fcber unseren Umgang mit Ihren pers\u00f6nlichen Daten informieren und auch \u00fcber Ihre Rechte diesbez\u00fcglich:<\/p>\n<p>Datenschutzrechtlich Verantwortlicher<\/p>\n<p><strong>\u00a0<\/strong><\/p>\n<table>\n<tbody>\n<tr>\n<td width=\"604\"><em>\u00a0<\/em><\/p>\n<p><em>H &amp; W Remmert GmbH<\/em><\/p>\n<p><em>\u00a0<\/em><\/p>\n<p><em>Gesch\u00e4ftsf\u00fchrer Thorsten Remmert<\/em><\/p>\n<p><strong>\u00a0<\/strong><\/p>\n<p><strong>info@htk-handel.de<\/strong><\/p>\n<p>&nbsp;<\/td>\n<\/tr>\n<\/tbody>\n<\/table>\n<p>Erhebung und Speicherung personenbezogener Daten sowie Art und Zweck und deren Verwendung<\/p>\n<p><strong>\u00a0<\/strong><\/p>\n<p>Im Rahmen der Anbahnung und Durchf\u00fchrung des K\u00e4ufer-\/ Verk\u00e4uferverh\u00e4ltnisses erheben wir folgende Informationen:<\/p>\n<p>&nbsp;<\/p>\n<p>Anrede, Vorname, Nachname, E-Mail-Adresse, Anschrift, Telefonnummer (Festnetz und\/oder Mobilfunk), Informationen, die f\u00fcr die Belieferung mit unseren Produkten oder Beratung zur Anwendung selbiger ben\u00f6tigt werden.<\/p>\n<p>&nbsp;<\/p>\n<p>Die Erhebung dieser Daten erfolgt, um Sie als unseren Kunden identifizieren zu k\u00f6nnen, um Sie angemessen beraten zu k\u00f6nnen, zur Korrespondenz mit Ihnen, zur Belieferung und Rechnungsstellung.<\/p>\n<p>&nbsp;<\/p>\n<p>Die Datenverarbeitung erfolgt auf der Rechtsgrundlage des Art. 6 Abs. 1 S. 1 lit. b DSGVO zu den genannten Zwecken und ist f\u00fcr die beidseitige Erf\u00fcllung von Verpflichtungen aus dem Liefervertrag erforderlich.<\/p>\n<p>&nbsp;<\/p>\n<p>Die f\u00fcr die Mandatierung von uns erhobenen personenbezogenen Daten werden bis zum endg\u00fcltigen Ablauf der Gesch\u00e4ftsbeziehung gespeichert und danach gel\u00f6scht, es sei denn, dass wir nach Artikel 6 Abs. 1 S. 1 lit. c DSGVO aufgrund von steuer- und handelsrechtlichen Aufbewahrungs- und Dokumentationspflichten (aus HGB, StGB oder AO) zu einer l\u00e4ngeren Speicherung verpflichtet sind oder Sie in eine dar\u00fcberhinausgehende Speicherung nach Art. 6 Abs. 1 S. 1 lit. a DSGVO eingewilligt haben.<\/p>\n<p>Weitergabe von Daten an Dritte<\/p>\n<p><strong>\u00a0<\/strong><\/p>\n<p>Eine \u00dcbermittlung Ihrer pers\u00f6nlichen Daten an Dritte zu anderen als den im Folgenden aufgef\u00fchrten Zwecken findet nicht statt:<\/p>\n<p>&nbsp;<\/p>\n<p>Soweit dies f\u00fcr die Abwicklung von Belieferungsverh\u00e4ltnissen mit Ihnen erforderlich ist, werden Ihre personenbezogenen Daten an Dritte weitergegeben. Hierzu geh\u00f6rt insbesondere die Weitergabe an Speditionen und Lieferanten zum Zwecke der Belieferung sowie zur vorgeschrieben N\u00e4hrstoffbuchung bei Wirtschaftsd\u00fcngern. Die weitergegebenen Daten d\u00fcrfen von dem Dritten ausschlie\u00dflich zu den genannten Zwecken verwendet werden.<\/p>\n<p>&nbsp;<\/p>\n<p>Soweit wir Dienstleister in Anspruch nehmen, haben wir diese \u2013 wie unsere Mitarbeiter &#8211; vertraglich auf die Einhaltung der DSGVO verpflichtet und \u2013 soweit erforderlich \u2013 Vertr\u00e4ge zur Auftragsverarbeitung mit ihnen geschlossen.<\/p>\n<p>Betroffenenrechte<\/p>\n<p><strong>\u00a0<\/strong><\/p>\n<p>Sie haben das Recht:<\/p>\n<p>&nbsp;<\/p>\n<ul>\n<li>gem\u00e4\u00df Art. 7 Abs. 3 DSGVO eine etwa erteilte <strong>Einwilligung<\/strong> jederzeit gegen\u00fcber uns zu <strong>widerrufen<\/strong>. Dies hat zur Folge, dass wir die Datenverarbeitung, die auf dieser Einwilligung beruhte, f\u00fcr die Zukunft nicht mehr fortf\u00fchren d\u00fcrfen;<\/li>\n<li><\/li>\n<\/ul>\n<ul>\n<li>gem\u00e4\u00df Art. 15 DSGVO <strong>Auskunft<\/strong> \u00fcber Ihre von uns verarbeiteten personenbezogenen Daten zu verlangen. Insbesondere k\u00f6nnen Sie Auskunft \u00fcber die Verarbeitungszwecke, die Kategorie der personenbezogenen Daten, die Kategorien von Empf\u00e4ngern, gegen\u00fcber denen Ihre Daten offengelegt wurden oder werden, die geplante Speicherdauer, das Bestehen eines Rechts auf Berichtigung, L\u00f6schung, Einschr\u00e4nkung der Verarbeitung oder Widerspruch, das Bestehen eines Beschwerderechts, die Herkunft ihrer Daten, sofern diese nicht bei uns erhoben wurden, sowie \u00fcber das Bestehen einer automatisierten Entscheidungsfindung einschlie\u00dflich Profiling und ggf. aussagekr\u00e4ftigen Informationen zu deren Einzelheiten verlangen;<\/li>\n<li><\/li>\n<\/ul>\n<ul>\n<li>gem\u00e4\u00df Art. 16 DSGVO unverz\u00fcglich die <strong>Berichtigung<\/strong> unrichtiger oder Vervollst\u00e4ndigung Ihrer bei uns gespeicherten personenbezogenen Daten zu verlangen;<\/li>\n<li><\/li>\n<\/ul>\n<ul>\n<li>gem\u00e4\u00df Art. 17 DSGVO die <strong>L\u00f6schung<\/strong> Ihrer bei uns gespeicherten personenbezogenen Daten zu verlangen, soweit nicht die Verarbeitung zur Aus\u00fcbung des Rechts auf freie Meinungs\u00e4u\u00dferung und Information, zur Erf\u00fcllung einer rechtlichen Verpflichtung, aus Gr\u00fcnden des \u00f6ffentlichen Interesses oder zur Geltendmachung, Aus\u00fcbung oder Verteidigung von Rechtsanspr\u00fcchen erforderlich ist;<\/li>\n<li><\/li>\n<\/ul>\n<ul>\n<li>gem\u00e4\u00df Art. 18 DSGVO die <strong>Einschr\u00e4nkung der Verarbeitung<\/strong> Ihrer personenbezogenen Daten zu verlangen, soweit die Richtigkeit der Daten von Ihnen bestritten wird, die Verarbeitung unrechtm\u00e4\u00dfig ist, Sie aber deren L\u00f6schung ablehnen und wir die Daten nicht mehr ben\u00f6tigen, Sie jedoch diese zur Geltendmachung, Aus\u00fcbung oder Verteidigung von Rechtsanspr\u00fcchen ben\u00f6tigen oder Sie gem\u00e4\u00df Art. 21 DSGVO Widerspruch gegen die Verarbeitung eingelegt haben;<\/li>\n<li><\/li>\n<\/ul>\n<ul>\n<li>gem\u00e4\u00df Art. 20 DSGVO Ihre personenbezogenen Daten, die Sie uns bereitgestellt haben, in einem strukturierten, g\u00e4ngigen und maschinenlesebaren Format zu erhalten oder die \u00dcbermittlung an einen anderen Verantwortlichen zu verlangen (<strong>Daten\u00fcbertragbarkeit<\/strong>);<\/li>\n<li><\/li>\n<\/ul>\n<ul>\n<li>gem\u00e4\u00df Art. 21 DSGVO Widerspruch gegen die Verarbeitung Ihrer personenbezogenen Daten einzulegen, sofern Ihre personenbezogenen Daten auf Grundlage von berechtigten Interessen gem\u00e4\u00df Art. 6 Abs. 1 S. 1 lit. f DSGVO verarbeitet werden und besonders erforderliche Gr\u00fcnde. M\u00f6chten Sie von Ihrem Widerspruchsrecht Gebrauch machen, gen\u00fcgt eine E-Mail an die oben angegebene Adresse und<\/li>\n<li><\/li>\n<\/ul>\n<ul>\n<li>gem\u00e4\u00df Art. 77 DSGVO sich bei einer <strong>Aufsichtsbeh\u00f6rde<\/strong> zu beschweren. In der Regel k\u00f6nnen Sie sich hierf\u00fcr an die Aufsichtsbeh\u00f6rde Ihres \u00fcblichen Aufenthaltsortes oder Arbeitsplatzes wenden.<strong>\u00a0<\/strong><\/li>\n<li><\/li>\n<li><\/li>\n<\/ul>\n","protected":false},"excerpt":{"rendered":"<p>Impressum Gerne kl\u00e4ren wir vorab Ihre Anliegen pers\u00f6nlich am Telefon, wir freuen uns auf das Gespr\u00e4ch mit Ihnen, Sie erreichen uns (gem\u00e4\u00df \u00a7 5 TMG): Inhaber &amp; Ansprechpartner: Thorsten Remmert H &amp; W Remmert GmbH Auf dem Anger 1 31195 Lamspringe OT Irmenseul Telefon : +49 5183 &#8211; 957360 Mobil : +49 177 &#8211; 2157277 &hellip; <\/p>\n<p class=\"link-more\"><a href=\"https:\/\/htk-handel.de\/index.php\/impressum\/\" class=\"more-link\"><span class=\"screen-reader-text\">\u201eImpressum\u201c<\/span> weiterlesen<\/a><\/p>\n","protected":false},"author":1,"featured_media":0,"parent":0,"menu_order":0,"comment_status":"closed","ping_status":"closed","template":"","meta":{"footnotes":""},"_links":{"self":[{"href":"https:\/\/htk-handel.de\/index.php\/wp-json\/wp\/v2\/pages\/37"}],"collection":[{"href":"https:\/\/htk-handel.de\/index.php\/wp-json\/wp\/v2\/pages"}],"about":[{"href":"https:\/\/htk-handel.de\/index.php\/wp-json\/wp\/v2\/types\/page"}],"author":[{"embeddable":true,"href":"https:\/\/htk-handel.de\/index.php\/wp-json\/wp\/v2\/users\/1"}],"replies":[{"embeddable":true,"href":"https:\/\/htk-handel.de\/index.php\/wp-json\/wp\/v2\/comments?post=37"}],"version-history":[{"count":7,"href":"https:\/\/htk-handel.de\/index.php\/wp-json\/wp\/v2\/pages\/37\/revisions"}],"predecessor-version":[{"id":114,"href":"https:\/\/htk-handel.de\/index.php\/wp-json\/wp\/v2\/pages\/37\/revisions\/114"}],"wp:attachment":[{"href":"https:\/\/htk-handel.de\/index.php\/wp-json\/wp\/v2\/media?parent=37"}],"curies":[{"name":"wp","href":"https:\/\/api.w.org\/{rel}","templated":true}]}}