{"id":115,"date":"2022-10-26T19:24:51","date_gmt":"2022-10-26T17:24:51","guid":{"rendered":"http:\/\/htk-handel.de\/?page_id=115"},"modified":"2026-01-05T16:30:24","modified_gmt":"2026-01-05T15:30:24","slug":"nachhaltigkeit","status":"publish","type":"page","link":"https:\/\/htk-handel.de\/index.php\/nachhaltigkeit\/","title":{"rendered":"Nachhaltigkeit"},"content":{"rendered":"<p>Die Zeichen der Zeit stehen eindeutig auf Nachhaltigkeit und gemeinsam mit unseren Partnern in verschiedenen Regionen Deutschlands haben wir uns auf die energetische Nutzung von Reststoffen aus der Lebensmittelproduktion und dem Handel spezialisiert. Egal ob Havarie, abgelaufenes MHD, Fehlproduktion oder einfach nur Nebenprodukt wie Schalen, Kerne und H\u00e4utchen etc., wir stellen daraus schneckenf\u00e4hige Substrate mit gutem Gasertragsverm\u00f6gen her und beliefern die Biogasanlagen kontinuierlich mit m\u00f6glichst gleichbleibenden Qualit\u00e4ten und Mengen.<\/p>\n<p>In Deutschland verhindert die Gesetzeslage den Einsatz der meisten Stoffe, lediglich\u00a0 die verschiedenen Miste aus der Tierproduktion sind als Substrate zugelassen, sowohl bei NAWARO als auch Abfallanlagen. Deshalb liegt unser Fokus auf Biogasanlagen in D\u00e4nemark und Holland.<\/p>\n<p>Die Anlagen, die unser Material einsetzen, haben keine Probleme ihre G\u00e4rreste in der Landwirtschaft, als wertvollen D\u00fcnger, auszubringen und damit N\u00e4hrstoffkreisl\u00e4ufe zu schlie\u00dfen.<\/p>\n","protected":false},"excerpt":{"rendered":"<p>Die Zeichen der Zeit stehen eindeutig auf Nachhaltigkeit und gemeinsam mit unseren Partnern in verschiedenen Regionen Deutschlands haben wir uns auf die energetische Nutzung von Reststoffen aus der Lebensmittelproduktion und dem Handel spezialisiert. Egal ob Havarie, abgelaufenes MHD, Fehlproduktion oder einfach nur Nebenprodukt wie Schalen, Kerne und H\u00e4utchen etc., wir stellen daraus schneckenf\u00e4hige Substrate mit &hellip; <\/p>\n<p class=\"link-more\"><a href=\"https:\/\/htk-handel.de\/index.php\/nachhaltigkeit\/\" class=\"more-link\"><span class=\"screen-reader-text\">\u201eNachhaltigkeit\u201c<\/span> weiterlesen<\/a><\/p>\n","protected":false},"author":1,"featured_media":0,"parent":0,"menu_order":0,"comment_status":"closed","ping_status":"closed","template":"","meta":{"footnotes":""},"_links":{"self":[{"href":"https:\/\/htk-handel.de\/index.php\/wp-json\/wp\/v2\/pages\/115"}],"collection":[{"href":"https:\/\/htk-handel.de\/index.php\/wp-json\/wp\/v2\/pages"}],"about":[{"href":"https:\/\/htk-handel.de\/index.php\/wp-json\/wp\/v2\/types\/page"}],"author":[{"embeddable":true,"href":"https:\/\/htk-handel.de\/index.php\/wp-json\/wp\/v2\/users\/1"}],"replies":[{"embeddable":true,"href":"https:\/\/htk-handel.de\/index.php\/wp-json\/wp\/v2\/comments?post=115"}],"version-history":[{"count":4,"href":"https:\/\/htk-handel.de\/index.php\/wp-json\/wp\/v2\/pages\/115\/revisions"}],"predecessor-version":[{"id":131,"href":"https:\/\/htk-handel.de\/index.php\/wp-json\/wp\/v2\/pages\/115\/revisions\/131"}],"wp:attachment":[{"href":"https:\/\/htk-handel.de\/index.php\/wp-json\/wp\/v2\/media?parent=115"}],"curies":[{"name":"wp","href":"https:\/\/api.w.org\/{rel}","templated":true}]}}